{"id":9932,"date":"2015-04-25T16:46:15","date_gmt":"2015-04-25T14:46:15","guid":{"rendered":"http:\/\/www.robertosedda.it\/?page_id=9932"},"modified":"2026-04-30T18:56:07","modified_gmt":"2026-04-30T16:56:07","slug":"posti-dove-andare-a-mangiare-e-bere-a-cagliari-e-altrove","status":"publish","type":"page","link":"https:\/\/www.robertosedda.it\/?page_id=9932","title":{"rendered":"Posti dove andare a mangiare e bere a Cagliari e altrove"},"content":{"rendered":"<p>Sono fermamente intenzionato a non permettere che questo <em>blog<\/em> diventi un ricettacolo di recensioni di ristoranti e ricette e descrizioni di eventi culinari, ma d\u2019altra parte mi fa piacere segnalare i posti dove secondo me si pu\u00f2 star bene a Cagliari (<a href=\"http:\/\/www.robertosedda.it\/?p=2568\">l\u2019articolo sulle<em> cose da fare assolutamente a Cagliari<\/em><\/a> \u00e8 tra l\u2019altro il pi\u00f9 cliccato in assoluto del <em>blog<\/em>) e altrove, in particolare in Sardegna.<\/p>\n<p>Questa pagina raccoglie i posti dove mi capita di andare e tornare e dove mi trovo bene: non ho intenzione di dare molte altre spiegazioni se non appunto questa, che sono posti nei quali mi sono trovato bene e dove credo che chiunque possa trovarsi bene (se ha i miei gusti). Conseguentemente non saranno <em>tanti<\/em> posti, quanto quei pochi dove sto di solito a mio agio. Saranno anche posti diversi fra loro: una trattoria e un bar, un <em>kebabbaro<\/em> e un ristorante, tutti nella stessa lista; lascio al buon senso di tutti di capire che possono avere differenze di prezzo e di qualit\u00e0: sono i <em>miei<\/em> posti ed \u00e8 evidente che ci vado in occasioni differenti.<\/p>\n<p>I colori dei segnalini indicano il tipo di locale: celeste per pasticcerie, gelaterie e altri luoghi di dolcezze, viola per i ristoranti e le pizzerie, rosso per i locali dove bere e se si vuole anche mangiare, verde per lo <em>street food<\/em> e il cibo etnico e nero per il caff\u00e8-caff\u00e8 (perch\u00e9 il caff\u00e8 vuole nero bollente).<\/p>\n<p>Al contrario di altre pagine lascio i commenti aperti: se visitate questi posti e vi piacciono (o non vi piacciono) fatemelo sapere; e se avete altre segnalazioni da fare fatevi pure avanti.<\/p>\n<h2>A Cagliari<\/h2>\n<style type=\"text\/css\" id=\"gmpMapStyles_1_38430\">\n\t#google_map_easy_1_38430 {\n        width: 100%;\n        height: 400px;\n\t\t\t\t\t\t    }\n\t#gmapControlsNum_1_38430 {\n\t\twidth:100%\t}\n\t.gmpMapDetailsContainer#gmpMapDetailsContainer_1_38430 {\n\t\theight:400px;\n\t}\n\t.gmp_MapPreview#google_map_easy_1_38430 {\n\t\t\/*position:absolute;*\/\n\t\twidth: 100%;\n\t}\n\t#mapConElem_1_38430{\n\t\twidth: 100%\t}\n    .gm-style .gm-style-iw-c{\n        padding: 12px!important;\n    }\n\t    <\/style>\n <div class=\"gmp_map_opts\" id=\"mapConElem_1_38430\" data-id=\"1\" data-view-id=\"1_38430\" > <div class=\"gmpMapDetailsContainer\" id=\"gmpMapDetailsContainer_1_38430\"> <i class=\"gmpKMLLayersPreloader fa fa-spinner fa-spin\" aria-hidden=\"true\" style=\"display: none;\"><\/i> <div class=\"gmp_MapPreview \" id=\"google_map_easy_1_38430\"><\/div> <\/div> <div class=\"gmpMapMarkerFilters\" id=\"gmpMapMarkerFilters_1_38430\"> <\/div> <div class=\"gmpMapProControlsCon\" id=\"gmpMapProControlsCon_1_38430\"> <\/div> <div class=\"gmpMapProDirectionsCon\" id=\"gmpMapProDirectionsCon_1_38430\" > <\/div> <div class=\"gmpMapProKmlFilterCon\" id=\"gmpMapProKmlFilterCon_1_38430\" > <\/div> <div class=\"gmpSocialSharingShell gmpSocialSharingShell_1_38430\"> <\/div> <div style=\"clear: both;\"><\/div> <\/div> \n<h2>In Sardegna<\/h2>\n<style type=\"text\/css\" id=\"gmpMapStyles_2_49528\">\n\t#google_map_easy_2_49528 {\n        width: 100%;\n        height: 400px;\n\t\t\t\t\t\t    }\n\t#gmapControlsNum_2_49528 {\n\t\twidth:100%\t}\n\t.gmpMapDetailsContainer#gmpMapDetailsContainer_2_49528 {\n\t\theight:400px;\n\t}\n\t.gmp_MapPreview#google_map_easy_2_49528 {\n\t\t\/*position:absolute;*\/\n\t\twidth: 100%;\n\t}\n\t#mapConElem_2_49528{\n\t\twidth: 100%\t}\n    .gm-style .gm-style-iw-c{\n        padding: 12px!important;\n    }\n\t    <\/style>\n <div class=\"gmp_map_opts\" id=\"mapConElem_2_49528\" data-id=\"2\" data-view-id=\"2_49528\" > <div class=\"gmpMapDetailsContainer\" id=\"gmpMapDetailsContainer_2_49528\"> <i class=\"gmpKMLLayersPreloader fa fa-spinner fa-spin\" aria-hidden=\"true\" style=\"display: none;\"><\/i> <div class=\"gmp_MapPreview \" id=\"google_map_easy_2_49528\"><\/div> <\/div> <div class=\"gmpMapMarkerFilters\" id=\"gmpMapMarkerFilters_2_49528\"> <\/div> <div class=\"gmpMapProControlsCon\" id=\"gmpMapProControlsCon_2_49528\"> <\/div> <div class=\"gmpMapProDirectionsCon\" id=\"gmpMapProDirectionsCon_2_49528\" > <\/div> <div class=\"gmpMapProKmlFilterCon\" id=\"gmpMapProKmlFilterCon_2_49528\" > <\/div> <div class=\"gmpSocialSharingShell gmpSocialSharingShell_2_49528\"> <\/div> <div style=\"clear: both;\"><\/div> <\/div> \n<h2>Altrove<\/h2>\n<style type=\"text\/css\" id=\"gmpMapStyles_3_66517\">\n\t#google_map_easy_3_66517 {\n        width: 100%;\n        height: 400px;\n\t\t\t\t\t\t    }\n\t#gmapControlsNum_3_66517 {\n\t\twidth:100%\t}\n\t.gmpMapDetailsContainer#gmpMapDetailsContainer_3_66517 {\n\t\theight:400px;\n\t}\n\t.gmp_MapPreview#google_map_easy_3_66517 {\n\t\t\/*position:absolute;*\/\n\t\twidth: 100%;\n\t}\n\t#mapConElem_3_66517{\n\t\twidth: 100%\t}\n    .gm-style .gm-style-iw-c{\n        padding: 12px!important;\n    }\n\t    <\/style>\n <div class=\"gmp_map_opts\" id=\"mapConElem_3_66517\" data-id=\"3\" data-view-id=\"3_66517\" > <div class=\"gmpMapDetailsContainer\" id=\"gmpMapDetailsContainer_3_66517\"> <i class=\"gmpKMLLayersPreloader fa fa-spinner fa-spin\" aria-hidden=\"true\" style=\"display: none;\"><\/i> <div class=\"gmp_MapPreview \" id=\"google_map_easy_3_66517\"><\/div> <\/div> <div class=\"gmpMapMarkerFilters\" id=\"gmpMapMarkerFilters_3_66517\"> <\/div> <div class=\"gmpMapProControlsCon\" id=\"gmpMapProControlsCon_3_66517\"> <\/div> <div class=\"gmpMapProDirectionsCon\" id=\"gmpMapProDirectionsCon_3_66517\" > <\/div> <div class=\"gmpMapProKmlFilterCon\" id=\"gmpMapProKmlFilterCon_3_66517\" > <\/div> <div class=\"gmpSocialSharingShell gmpSocialSharingShell_3_66517\"> <\/div> <div style=\"clear: both;\"><\/div> <\/div> \n","protected":false},"excerpt":{"rendered":"<p>Sono fermamente intenzionato a non permettere che questo blog diventi un ricettacolo di recensioni di ristoranti e ricette e descrizioni<\/p>\n","protected":false},"author":1,"featured_media":0,"parent":0,"menu_order":0,"comment_status":"open","ping_status":"open","template":"","meta":{"_mi_skip_tracking":false,"_monsterinsights_sitenote_active":false,"_monsterinsights_sitenote_note":"","_monsterinsights_sitenote_category":0,"jetpack_post_was_ever_published":false},"jetpack_sharing_enabled":true,"jetpack_shortlink":"https:\/\/wp.me\/P4jV2T-2Ac","jetpack_likes_enabled":true,"jetpack-related-posts":[{"id":6,"url":"https:\/\/www.robertosedda.it\/?page_id=6","url_meta":{"origin":9932,"position":0},"title":"Chi sono&#8230;","author":"Rufus","date":"26\/07\/2012","format":false,"excerpt":"Sono nato a Cagliari il 10 maggio del 1964 e quindi ho smesso da un pochino di essere un magnifico quarantenne, come avrebbe detto Nanni Moretti. Vivo a Cagliari, sono sposato con Maria Bonaria, ho un numero rispettabile di nipoti e di figliocci a cui voglio un bene dell'anima. Lavoro\u2026","rel":"","context":"Con 8 commenti","block_context":{"text":"Con 8 commenti","link":"https:\/\/www.robertosedda.it\/?page_id=6#comments"},"img":{"alt_text":"","src":"","width":0,"height":0},"classes":[]},{"id":5787,"url":"https:\/\/www.robertosedda.it\/?page_id=5787","url_meta":{"origin":9932,"position":1},"title":"L&#8217;intervista a Petter Skafle Henriksen in originale","author":"Rufus","date":"07\/01\/2014","format":false,"excerpt":"First of all: how much resources does shooting a short film requires? I mean, for the viewers it is just a few minutes, but I guess it is pretty demanding and requires a good number of people, doesn\u2019t it? You are right, it can sometimes be hard to explain to\u2026","rel":"","context":"Con 1 commento","block_context":{"text":"Con 1 commento","link":"https:\/\/www.robertosedda.it\/?page_id=5787#comments"},"img":{"alt_text":"Tarjei Westby","src":"https:\/\/i0.wp.com\/www.robertosedda.it\/wp-content\/uploads\/2014\/01\/Tarjei-Westby-1024x576.jpg?resize=350%2C200","width":350,"height":200,"srcset":"https:\/\/i0.wp.com\/www.robertosedda.it\/wp-content\/uploads\/2014\/01\/Tarjei-Westby-1024x576.jpg?resize=350%2C200 1x, https:\/\/i0.wp.com\/www.robertosedda.it\/wp-content\/uploads\/2014\/01\/Tarjei-Westby-1024x576.jpg?resize=700%2C400 2x"},"classes":[]},{"id":11669,"url":"https:\/\/www.robertosedda.it\/?page_id=11669","url_meta":{"origin":9932,"position":2},"title":"Il mio currriculum ludico","author":"Rufus","date":"11\/03\/2016","format":false,"excerpt":"Dati personali Luogo di nascita: Cagliari Data di nascita: 10 maggio 1964 Residenza: Via Vittorio Bottego 7 - 09125 Cagliari telefono: 070 3481144 \u2013 335 6618395 e-mail: rufus@robertosedda.it Attivit\u00e0 Ludiche (associative) \u201cLa Porta d\u2019Argento\u201d: associazione culturale senza scopo di lucro per la diffusione della cultura ludica 1992-2003 Cagliari Socio fondatore.\u2026","rel":"","context":"Articolo simile","block_context":{"text":"Articolo simile","link":""},"img":{"alt_text":"","src":"","width":0,"height":0},"classes":[]},{"id":18632,"url":"https:\/\/www.robertosedda.it\/?page_id=18632","url_meta":{"origin":9932,"position":3},"title":"Le mie playlist","author":"Rufus","date":"08\/05\/2021","format":false,"excerpt":"Come ho raccontato una volta qui sul blog mi sono iscritto a Spotify abbastanza per caso, per raccogliere tutti insieme i cento grandi brani jazz che avevo chiesto mi fossero suggeriti. Poi dal lockdown in poi e con il lavoro da casa la piattaforma \u00e8 diventata piuttosto pi\u00f9 importante e\u2026","rel":"","context":"Articolo simile","block_context":{"text":"Articolo simile","link":""},"img":{"alt_text":"","src":"https:\/\/i0.wp.com\/www.robertosedda.it\/wp-content\/uploads\/2021\/05\/Cantautori.png?resize=350%2C200&ssl=1","width":350,"height":200,"srcset":"https:\/\/i0.wp.com\/www.robertosedda.it\/wp-content\/uploads\/2021\/05\/Cantautori.png?resize=350%2C200&ssl=1 1x, https:\/\/i0.wp.com\/www.robertosedda.it\/wp-content\/uploads\/2021\/05\/Cantautori.png?resize=700%2C400&ssl=1 2x, https:\/\/i0.wp.com\/www.robertosedda.it\/wp-content\/uploads\/2021\/05\/Cantautori.png?resize=1050%2C600&ssl=1 3x"},"classes":[]},{"id":1514,"url":"https:\/\/www.robertosedda.it\/?page_id=1514","url_meta":{"origin":9932,"position":4},"title":"&#8230; e i blog degli amici","author":"Rufus","date":"27\/11\/2012","format":false,"excerpt":"Questa pagina serve a tenere aggiornato l'elenco dei \"blog della settimana\". Che cosa sia \u00e8 spiegato in un vecchio articolo: Quando ho progettato il sito ho deciso che nel blogroll avrei messo solo collegamenti veri, cio\u00e8 blog che seguo realmente, diciamo che controllo almeno una volta alla settimana. Non mi\u2026","rel":"","context":"Con 2 commenti","block_context":{"text":"Con 2 commenti","link":"https:\/\/www.robertosedda.it\/?page_id=1514#comments"},"img":{"alt_text":"","src":"","width":0,"height":0},"classes":[]},{"id":14523,"url":"https:\/\/www.robertosedda.it\/?page_id=14523","url_meta":{"origin":9932,"position":5},"title":"Crostini col cavolo nero","author":"Rufus","date":"12\/01\/2018","format":false,"excerpt":"Ingredienti Un mazzo di cavolo nero - casizzolu o altro formaggio tipo caciotta o che comunque sia adatto per sciogliersi - abbamele o\u00a0sapa di vino o aceto balsamico - 8 fette di pane tipo casereccio Preparazione Sbollentare il cavolo in acqua salata, liberarlo delle coste dure e poi saltarlo in\u2026","rel":"","context":"Articolo simile","block_context":{"text":"Articolo simile","link":""},"img":{"alt_text":"","src":"","width":0,"height":0},"classes":[]}],"_links":{"self":[{"href":"https:\/\/www.robertosedda.it\/index.php?rest_route=\/wp\/v2\/pages\/9932"}],"collection":[{"href":"https:\/\/www.robertosedda.it\/index.php?rest_route=\/wp\/v2\/pages"}],"about":[{"href":"https:\/\/www.robertosedda.it\/index.php?rest_route=\/wp\/v2\/types\/page"}],"author":[{"embeddable":true,"href":"https:\/\/www.robertosedda.it\/index.php?rest_route=\/wp\/v2\/users\/1"}],"replies":[{"embeddable":true,"href":"https:\/\/www.robertosedda.it\/index.php?rest_route=%2Fwp%2Fv2%2Fcomments&post=9932"}],"version-history":[{"count":41,"href":"https:\/\/www.robertosedda.it\/index.php?rest_route=\/wp\/v2\/pages\/9932\/revisions"}],"predecessor-version":[{"id":20980,"href":"https:\/\/www.robertosedda.it\/index.php?rest_route=\/wp\/v2\/pages\/9932\/revisions\/20980"}],"wp:attachment":[{"href":"https:\/\/www.robertosedda.it\/index.php?rest_route=%2Fwp%2Fv2%2Fmedia&parent=9932"}],"curies":[{"name":"wp","href":"https:\/\/api.w.org\/{rel}","templated":true}]}}