{"id":5990,"date":"2014-01-28T10:05:06","date_gmt":"2014-01-28T09:05:06","guid":{"rendered":"http:\/\/www.robertosedda.it\/?page_id=5990"},"modified":"2014-02-04T16:39:03","modified_gmt":"2014-02-04T15:39:03","slug":"le-puntate-della-campagna-il-tesoro-nascosto","status":"publish","type":"page","link":"http:\/\/www.robertosedda.it\/?page_id=5990","title":{"rendered":"Le puntate della campagna &#8220;Il tesoro nascosto&#8221;"},"content":{"rendered":"<ul>\n<li><strong>12\/12\/2013 &#8211; 1\u00aa puntata: <em><a title=\"Una storia che inizia\" href=\"http:\/\/www.robertosedda.it\/?p=5443\">Stranezze<\/a><br \/>\n<\/em><\/strong>In cui si presentano Elijah, Emilio ed Amy.<\/li>\n<li><strong>20\/12\/2013, 27\/12\/2013, 30\/12\/2013, 8\/1\/2014, 13\/1\/2014 &#8211; 2<\/strong><strong>\u00aa<\/strong> <strong>puntata: <a href=\"http:\/\/www.robertosedda.it\/?p=5967\"><em>Eliminazione diretta<\/em><\/a><\/strong><br \/>\nIn cui Ludomirs non arriva a essere un personaggio giocante, i suoi cugini finiscono in prigione, il contratto con Amy \u00e8 sciolto e Neil decide di stare a casa.<\/li>\n<li><strong>20\/1\/2014 &#8211; 3<\/strong><strong>\u00aa<\/strong> <strong>puntata &#8211; <em>Allenamenti<\/em><\/strong><br \/>\nIn cui un <em>boss<\/em> vuole che al figlio venga insegnata un po&#8217; di disciplina e come conseguenza viene bruciata una palestra.<\/li>\n<li><strong>27\/01\/2014 &#8211; 4<\/strong><strong>\u00aa puntata &#8211; <em>Compagnia per il<\/em> golf<\/strong><br \/>\nIn cui Elijah conosce John Monroe e ci va al circolo del <em>golf. <\/em>Poi conosce Betty e Sharon e prima e dopo averci giocato a <em>golf<\/em> ci va a letto, mentre un <em>boss<\/em> si scusa e si pensa al domani.<\/li>\n<li><strong>03\/02\/2014 &#8211; 5\u00aa puntata &#8211; Input<br \/>\n<\/strong>In cui si fa una prima ricognizione dei siti potenziali in cui potrebbe trovarsi il relitto, si trova il pi\u00f9 promettente occupato da un villaggio di adoratori di Steve Jobs e si conosce un ristoratore greco.<\/li>\n<\/ul>\n<p>&nbsp;<\/p>\n","protected":false},"excerpt":{"rendered":"<p>12\/12\/2013 &#8211; 1\u00aa puntata: Stranezze In cui si presentano Elijah, Emilio ed Amy. 20\/12\/2013, 27\/12\/2013, 30\/12\/2013, 8\/1\/2014, 13\/1\/2014 &#8211; 2\u00aa<\/p>\n","protected":false},"author":1,"featured_media":0,"parent":5968,"menu_order":0,"comment_status":"open","ping_status":"open","template":"","meta":{"_mi_skip_tracking":false,"_monsterinsights_sitenote_active":false,"_monsterinsights_sitenote_note":"","_monsterinsights_sitenote_category":0,"jetpack_post_was_ever_published":false},"jetpack_sharing_enabled":true,"jetpack_shortlink":"https:\/\/wp.me\/P4jV2T-1yC","jetpack_likes_enabled":true,"jetpack-related-posts":[{"id":5971,"url":"http:\/\/www.robertosedda.it\/?page_id=5971","url_meta":{"origin":5990,"position":0},"title":"La cronologia della campagna &#8220;Il tesoro nascosto&#8221;","author":"Rufus","date":"27\/01\/2014","format":false,"excerpt":"16 maggio - Ludomirs conosce Amy, una studentessa bella, ricca e affascinante, che sembra a sua volta affascinata da lui. 18 maggio - Ludomirs e Amy hanno il loro primo appuntamento. 22 maggio - Amy e Ludomirs escono per a seconda volta. Sulla porta di casa Amy si fa baciare.\u2026","rel":"","context":"Articolo simile","block_context":{"text":"Articolo simile","link":""},"img":{"alt_text":"","src":"","width":0,"height":0},"classes":[]},{"id":6006,"url":"http:\/\/www.robertosedda.it\/?page_id=6006","url_meta":{"origin":5990,"position":1},"title":"Amy Sullivan","author":"Rufus","date":"29\/01\/2014","format":false,"excerpt":"Amy \u00e8 un fascio di nevrosi, una mentitrice patologica e una manipolatrice senza scrupoli. Ma chi volesse cercare una spiegazione di tutto questo nelle esperienze della sua infanzia o in qualche esperienza specifica correrebbe il rischio di vagare a vuoto. Qual \u00e8 il passato di Amy? Nessuno, ed \u00e8 questo\u2026","rel":"","context":"Con 1 commento","block_context":{"text":"Con 1 commento","link":"http:\/\/www.robertosedda.it\/?page_id=6006#comments"},"img":{"alt_text":"","src":"https:\/\/i0.wp.com\/www.robertosedda.it\/wp-content\/uploads\/2014\/01\/Amy-Sullivan-239x300.jpg?resize=350%2C200","width":350,"height":200},"classes":[]},{"id":11669,"url":"http:\/\/www.robertosedda.it\/?page_id=11669","url_meta":{"origin":5990,"position":2},"title":"Il mio currriculum ludico","author":"Rufus","date":"11\/03\/2016","format":false,"excerpt":"Dati personali Luogo di nascita: Cagliari Data di nascita: 10 maggio 1964 Residenza: Via Vittorio Bottego 7 - 09125 Cagliari telefono: 070 3481144 \u2013 335 6618395 e-mail: rufus@robertosedda.it Attivit\u00e0 Ludiche (associative) \u201cLa Porta d\u2019Argento\u201d: associazione culturale senza scopo di lucro per la diffusione della cultura ludica 1992-2003 Cagliari Socio fondatore.\u2026","rel":"","context":"Articolo simile","block_context":{"text":"Articolo simile","link":""},"img":{"alt_text":"","src":"","width":0,"height":0},"classes":[]},{"id":5981,"url":"http:\/\/www.robertosedda.it\/?page_id=5981","url_meta":{"origin":5990,"position":3},"title":"I personaggi di &#8220;Il tesoro nascosto&#8221;","author":"Rufus","date":"27\/01\/2014","format":false,"excerpt":"L'elenco comprende solo i personaggi per i quali ho creato una pagina specifica, ed \u00e8 destinato a allungarsi (anche perch\u00e9 solo due, insomma, \u00e8 un po' poco...) R Rudz\u012btis, Ludomirs S Sullivan, Amy","rel":"","context":"Articolo simile","block_context":{"text":"Articolo simile","link":""},"img":{"alt_text":"","src":"","width":0,"height":0},"classes":[]},{"id":5979,"url":"http:\/\/www.robertosedda.it\/?page_id=5979","url_meta":{"origin":5990,"position":4},"title":"Ludomirs Rudz\u012btis","author":"Rufus","date":"27\/01\/2014","format":false,"excerpt":"Ludomirs \u00e8 un ragazzone trentacinquenne non molto sveglio che lavora come addetto alla sicurezza in un banco dei pegni e sogna un giorno di possedere un negozio di antiquariato tutto suo in cui poter scoprire inaspettatamente preziosi cimeli, come nei reality che guarda alla TV, America's Lost Treasures, Antiques Roadshow,\u2026","rel":"","context":"Con 1 commento","block_context":{"text":"Con 1 commento","link":"http:\/\/www.robertosedda.it\/?page_id=5979#comments"},"img":{"alt_text":"","src":"https:\/\/i0.wp.com\/www.robertosedda.it\/wp-content\/uploads\/2014\/01\/Ludomirs-Rudzitis-225x300.jpg?resize=350%2C200","width":350,"height":200},"classes":[]},{"id":7863,"url":"http:\/\/www.robertosedda.it\/?page_id=7863","url_meta":{"origin":5990,"position":5},"title":"Interview with Steven Brust","author":"Rufus","date":"28\/06\/2014","format":false,"excerpt":"One of the good things of Anobii (and, I imagine, Goodreads) is the fact that it puts you in touch with books you have never heard of. It happened to me, some years ago, with The book of Jhereg, a collection of the first three novels of the Dragaeran cycle\u2026","rel":"","context":"Con 1 commento","block_context":{"text":"Con 1 commento","link":"http:\/\/www.robertosedda.it\/?page_id=7863#comments"},"img":{"alt_text":"","src":"https:\/\/i0.wp.com\/www.robertosedda.it\/wp-content\/uploads\/2014\/06\/Brust.jpg?resize=350%2C200","width":350,"height":200},"classes":[]}],"_links":{"self":[{"href":"http:\/\/www.robertosedda.it\/index.php?rest_route=\/wp\/v2\/pages\/5990"}],"collection":[{"href":"http:\/\/www.robertosedda.it\/index.php?rest_route=\/wp\/v2\/pages"}],"about":[{"href":"http:\/\/www.robertosedda.it\/index.php?rest_route=\/wp\/v2\/types\/page"}],"author":[{"embeddable":true,"href":"http:\/\/www.robertosedda.it\/index.php?rest_route=\/wp\/v2\/users\/1"}],"replies":[{"embeddable":true,"href":"http:\/\/www.robertosedda.it\/index.php?rest_route=%2Fwp%2Fv2%2Fcomments&post=5990"}],"version-history":[{"count":7,"href":"http:\/\/www.robertosedda.it\/index.php?rest_route=\/wp\/v2\/pages\/5990\/revisions"}],"predecessor-version":[{"id":6139,"href":"http:\/\/www.robertosedda.it\/index.php?rest_route=\/wp\/v2\/pages\/5990\/revisions\/6139"}],"up":[{"embeddable":true,"href":"http:\/\/www.robertosedda.it\/index.php?rest_route=\/wp\/v2\/pages\/5968"}],"wp:attachment":[{"href":"http:\/\/www.robertosedda.it\/index.php?rest_route=%2Fwp%2Fv2%2Fmedia&parent=5990"}],"curies":[{"name":"wp","href":"https:\/\/api.w.org\/{rel}","templated":true}]}}