{"id":5981,"date":"2014-01-27T21:01:20","date_gmt":"2014-01-27T20:01:20","guid":{"rendered":"http:\/\/www.robertosedda.it\/?page_id=5981"},"modified":"2014-01-31T18:58:00","modified_gmt":"2014-01-31T17:58:00","slug":"i-personaggi-di-tesoro-nascosto","status":"publish","type":"page","link":"http:\/\/www.robertosedda.it\/?page_id=5981","title":{"rendered":"I personaggi di &#8220;Il tesoro nascosto&#8221;"},"content":{"rendered":"<h4>L&#8217;elenco comprende solo i personaggi per i quali ho creato una pagina specifica, ed \u00e8 destinato a allungarsi (anche perch\u00e9 solo due, insomma, \u00e8 un po&#8217; poco&#8230;)<\/h4>\n<h3>R<\/h3>\n<p><a title=\"Ludomirs Rudz\u012btis\" href=\"http:\/\/www.robertosedda.it\/?page_id=5979\">Rudz\u012btis, Ludomirs<\/a><\/p>\n<h3><strong>S<\/strong><\/h3>\n<p><a title=\"Amy Sullivan\" href=\"http:\/\/www.robertosedda.it\/?page_id=6006\">Sullivan, Amy<\/a><\/p>\n","protected":false},"excerpt":{"rendered":"<p>L&#8217;elenco comprende solo i personaggi per i quali ho creato una pagina specifica, ed \u00e8 destinato a allungarsi (anche perch\u00e9<\/p>\n","protected":false},"author":1,"featured_media":0,"parent":5968,"menu_order":0,"comment_status":"open","ping_status":"open","template":"","meta":{"_mi_skip_tracking":false,"_monsterinsights_sitenote_active":false,"_monsterinsights_sitenote_note":"","_monsterinsights_sitenote_category":0,"jetpack_post_was_ever_published":false},"jetpack_sharing_enabled":true,"jetpack_shortlink":"https:\/\/wp.me\/P4jV2T-1yt","jetpack_likes_enabled":true,"jetpack-related-posts":[{"id":6006,"url":"http:\/\/www.robertosedda.it\/?page_id=6006","url_meta":{"origin":5981,"position":0},"title":"Amy Sullivan","author":"Rufus","date":"29\/01\/2014","format":false,"excerpt":"Amy \u00e8 un fascio di nevrosi, una mentitrice patologica e una manipolatrice senza scrupoli. Ma chi volesse cercare una spiegazione di tutto questo nelle esperienze della sua infanzia o in qualche esperienza specifica correrebbe il rischio di vagare a vuoto. Qual \u00e8 il passato di Amy? Nessuno, ed \u00e8 questo\u2026","rel":"","context":"Con 1 commento","block_context":{"text":"Con 1 commento","link":"http:\/\/www.robertosedda.it\/?page_id=6006#comments"},"img":{"alt_text":"","src":"https:\/\/i0.wp.com\/www.robertosedda.it\/wp-content\/uploads\/2014\/01\/Amy-Sullivan-239x300.jpg?resize=350%2C200","width":350,"height":200},"classes":[]},{"id":5979,"url":"http:\/\/www.robertosedda.it\/?page_id=5979","url_meta":{"origin":5981,"position":1},"title":"Ludomirs Rudz\u012btis","author":"Rufus","date":"27\/01\/2014","format":false,"excerpt":"Ludomirs \u00e8 un ragazzone trentacinquenne non molto sveglio che lavora come addetto alla sicurezza in un banco dei pegni e sogna un giorno di possedere un negozio di antiquariato tutto suo in cui poter scoprire inaspettatamente preziosi cimeli, come nei reality che guarda alla TV, America's Lost Treasures, Antiques Roadshow,\u2026","rel":"","context":"Con 1 commento","block_context":{"text":"Con 1 commento","link":"http:\/\/www.robertosedda.it\/?page_id=5979#comments"},"img":{"alt_text":"","src":"https:\/\/i0.wp.com\/www.robertosedda.it\/wp-content\/uploads\/2014\/01\/Ludomirs-Rudzitis-225x300.jpg?resize=350%2C200","width":350,"height":200},"classes":[]},{"id":5968,"url":"http:\/\/www.robertosedda.it\/?page_id=5968","url_meta":{"origin":5981,"position":2},"title":"La campagna del tesoro nascosto","author":"Rufus","date":"27\/01\/2014","format":false,"excerpt":"Questa \u00e8 la pagina di smistamento per il materiale della campagna Il tesoro nascosto (per chi vuole seguire le nostre avventure di gioco vi ricordo che la campagna ha anche un hashtag che \u00e8 #tesoronascosto). \"Pagina di smistamento\" vuol dire sostanzialmente che da qui \u00e8 possibile raggiungere: la pagina con\u2026","rel":"","context":"Con 1 commento","block_context":{"text":"Con 1 commento","link":"http:\/\/www.robertosedda.it\/?page_id=5968#comments"},"img":{"alt_text":"Fabbricastorie","src":"https:\/\/i0.wp.com\/www.robertosedda.it\/wp-content\/uploads\/2013\/12\/Fabbricastorie.jpg?resize=350%2C200","width":350,"height":200,"srcset":"https:\/\/i0.wp.com\/www.robertosedda.it\/wp-content\/uploads\/2013\/12\/Fabbricastorie.jpg?resize=350%2C200 1x, https:\/\/i0.wp.com\/www.robertosedda.it\/wp-content\/uploads\/2013\/12\/Fabbricastorie.jpg?resize=700%2C400 2x"},"classes":[]},{"id":5990,"url":"http:\/\/www.robertosedda.it\/?page_id=5990","url_meta":{"origin":5981,"position":3},"title":"Le puntate della campagna &#8220;Il tesoro nascosto&#8221;","author":"Rufus","date":"28\/01\/2014","format":false,"excerpt":"12\/12\/2013 - 1\u00aa puntata: Stranezze In cui si presentano Elijah, Emilio ed Amy. 20\/12\/2013, 27\/12\/2013, 30\/12\/2013, 8\/1\/2014, 13\/1\/2014 - 2\u00aa puntata: Eliminazione diretta In cui Ludomirs non arriva a essere un personaggio giocante, i suoi cugini finiscono in prigione, il contratto con Amy \u00e8 sciolto e Neil decide di stare\u2026","rel":"","context":"Articolo simile","block_context":{"text":"Articolo simile","link":""},"img":{"alt_text":"","src":"","width":0,"height":0},"classes":[]},{"id":8345,"url":"http:\/\/www.robertosedda.it\/?page_id=8345","url_meta":{"origin":5981,"position":4},"title":"Zuppa di cipolle gratinata","author":"Rufus","date":"07\/09\/2014","format":false,"excerpt":"Ingredienti 3 o 4 grosse cipolle - 1 cucchiaio scarso di farina - 40 g di burro - \u00bd bicchierino di cognac - sale - pepe - noce moscata - brodo - fette di pane raffermo - parmigiano grattugiato - formaggio tipo fontina o gruviera Preparazione Fare appassire le cipolle\u2026","rel":"","context":"Articolo simile","block_context":{"text":"Articolo simile","link":""},"img":{"alt_text":"","src":"","width":0,"height":0},"classes":[]},{"id":1514,"url":"http:\/\/www.robertosedda.it\/?page_id=1514","url_meta":{"origin":5981,"position":5},"title":"&#8230; e i blog degli amici","author":"Rufus","date":"27\/11\/2012","format":false,"excerpt":"Questa pagina serve a tenere aggiornato l'elenco dei \"blog della settimana\". Che cosa sia \u00e8 spiegato in un vecchio articolo: Quando ho progettato il sito ho deciso che nel blogroll avrei messo solo collegamenti veri, cio\u00e8 blog che seguo realmente, diciamo che controllo almeno una volta alla settimana. Non mi\u2026","rel":"","context":"Con 2 commenti","block_context":{"text":"Con 2 commenti","link":"http:\/\/www.robertosedda.it\/?page_id=1514#comments"},"img":{"alt_text":"","src":"","width":0,"height":0},"classes":[]}],"_links":{"self":[{"href":"http:\/\/www.robertosedda.it\/index.php?rest_route=\/wp\/v2\/pages\/5981"}],"collection":[{"href":"http:\/\/www.robertosedda.it\/index.php?rest_route=\/wp\/v2\/pages"}],"about":[{"href":"http:\/\/www.robertosedda.it\/index.php?rest_route=\/wp\/v2\/types\/page"}],"author":[{"embeddable":true,"href":"http:\/\/www.robertosedda.it\/index.php?rest_route=\/wp\/v2\/users\/1"}],"replies":[{"embeddable":true,"href":"http:\/\/www.robertosedda.it\/index.php?rest_route=%2Fwp%2Fv2%2Fcomments&post=5981"}],"version-history":[{"count":6,"href":"http:\/\/www.robertosedda.it\/index.php?rest_route=\/wp\/v2\/pages\/5981\/revisions"}],"predecessor-version":[{"id":6084,"href":"http:\/\/www.robertosedda.it\/index.php?rest_route=\/wp\/v2\/pages\/5981\/revisions\/6084"}],"up":[{"embeddable":true,"href":"http:\/\/www.robertosedda.it\/index.php?rest_route=\/wp\/v2\/pages\/5968"}],"wp:attachment":[{"href":"http:\/\/www.robertosedda.it\/index.php?rest_route=%2Fwp%2Fv2%2Fmedia&parent=5981"}],"curies":[{"name":"wp","href":"https:\/\/api.w.org\/{rel}","templated":true}]}}