{"id":5971,"date":"2014-01-27T21:04:06","date_gmt":"2014-01-27T20:04:06","guid":{"rendered":"http:\/\/www.robertosedda.it\/?page_id=5971"},"modified":"2014-01-31T18:56:05","modified_gmt":"2014-01-31T17:56:05","slug":"la-cronologia-della-campagna-il-tesoro-nascosto","status":"publish","type":"page","link":"http:\/\/www.robertosedda.it\/?page_id=5971","title":{"rendered":"La cronologia della campagna &#8220;Il tesoro nascosto&#8221;"},"content":{"rendered":"<p><strong>16 maggio &#8211;<\/strong> <a title=\"Ludomirs Rudz\u012btis\" href=\"http:\/\/www.robertosedda.it\/?page_id=5979\">Ludomirs<\/a> conosce <a href=\"http:\/\/www.robertosedda.it\/?page_id=6006\">Amy<\/a>, una studentessa bella, ricca e affascinante, che sembra a sua volta affascinata da lui.<\/p>\n<p><strong>18 maggio &#8211;<\/strong> Ludomirs e Amy hanno il loro primo appuntamento.<\/p>\n<p><strong>22 maggio &#8211; <\/strong>Amy e Ludomirs escono per a seconda volta. Sulla porta di casa Amy si fa baciare.<strong><br \/>\n<\/strong><\/p>\n<p><strong>29 maggio &#8211; <\/strong>Dopo una settimana in cui si \u00e8 negata al telefono Amy va a trovare Ludomirs al lavoro: i due si vedono per prendere un caff\u00e8. Quando Ludomirs tenta goffamente delle nuove <em>avances<\/em> Amy lo gela. Il tira-e-molla si ripete costantemente nei giorni successivi.<\/p>\n<p><strong>3 giugno &#8211;<\/strong> Amy si presenta a casa di Elijah, che ritiene erroneamente ricco, e gli propone di entrare in societ\u00e0 per una non meglio precisata <em>start-up<\/em>, con $ 20.000. Alle domande di Elijah si rifuta di dare maggiori spiegazioni.<\/p>\n<h4>Lo so, lo so, manca un sacco di roba: abbiate pazienza, ci sto lavorando.<\/h4>\n","protected":false},"excerpt":{"rendered":"<p>16 maggio &#8211; Ludomirs conosce Amy, una studentessa bella, ricca e affascinante, che sembra a sua volta affascinata da lui.<\/p>\n","protected":false},"author":1,"featured_media":0,"parent":5968,"menu_order":0,"comment_status":"open","ping_status":"open","template":"","meta":{"_mi_skip_tracking":false,"_monsterinsights_sitenote_active":false,"_monsterinsights_sitenote_note":"","_monsterinsights_sitenote_category":0,"jetpack_post_was_ever_published":false},"jetpack_sharing_enabled":true,"jetpack_shortlink":"https:\/\/wp.me\/P4jV2T-1yj","jetpack_likes_enabled":true,"jetpack-related-posts":[{"id":6006,"url":"http:\/\/www.robertosedda.it\/?page_id=6006","url_meta":{"origin":5971,"position":0},"title":"Amy Sullivan","author":"Rufus","date":"29\/01\/2014","format":false,"excerpt":"Amy \u00e8 un fascio di nevrosi, una mentitrice patologica e una manipolatrice senza scrupoli. Ma chi volesse cercare una spiegazione di tutto questo nelle esperienze della sua infanzia o in qualche esperienza specifica correrebbe il rischio di vagare a vuoto. Qual \u00e8 il passato di Amy? Nessuno, ed \u00e8 questo\u2026","rel":"","context":"Con 1 commento","block_context":{"text":"Con 1 commento","link":"http:\/\/www.robertosedda.it\/?page_id=6006#comments"},"img":{"alt_text":"","src":"https:\/\/i0.wp.com\/www.robertosedda.it\/wp-content\/uploads\/2014\/01\/Amy-Sullivan-239x300.jpg?resize=350%2C200","width":350,"height":200},"classes":[]},{"id":5990,"url":"http:\/\/www.robertosedda.it\/?page_id=5990","url_meta":{"origin":5971,"position":1},"title":"Le puntate della campagna &#8220;Il tesoro nascosto&#8221;","author":"Rufus","date":"28\/01\/2014","format":false,"excerpt":"12\/12\/2013 - 1\u00aa puntata: Stranezze In cui si presentano Elijah, Emilio ed Amy. 20\/12\/2013, 27\/12\/2013, 30\/12\/2013, 8\/1\/2014, 13\/1\/2014 - 2\u00aa puntata: Eliminazione diretta In cui Ludomirs non arriva a essere un personaggio giocante, i suoi cugini finiscono in prigione, il contratto con Amy \u00e8 sciolto e Neil decide di stare\u2026","rel":"","context":"Articolo simile","block_context":{"text":"Articolo simile","link":""},"img":{"alt_text":"","src":"","width":0,"height":0},"classes":[]},{"id":5979,"url":"http:\/\/www.robertosedda.it\/?page_id=5979","url_meta":{"origin":5971,"position":2},"title":"Ludomirs Rudz\u012btis","author":"Rufus","date":"27\/01\/2014","format":false,"excerpt":"Ludomirs \u00e8 un ragazzone trentacinquenne non molto sveglio che lavora come addetto alla sicurezza in un banco dei pegni e sogna un giorno di possedere un negozio di antiquariato tutto suo in cui poter scoprire inaspettatamente preziosi cimeli, come nei reality che guarda alla TV, America's Lost Treasures, Antiques Roadshow,\u2026","rel":"","context":"Con 1 commento","block_context":{"text":"Con 1 commento","link":"http:\/\/www.robertosedda.it\/?page_id=5979#comments"},"img":{"alt_text":"","src":"https:\/\/i0.wp.com\/www.robertosedda.it\/wp-content\/uploads\/2014\/01\/Ludomirs-Rudzitis-225x300.jpg?resize=350%2C200","width":350,"height":200},"classes":[]},{"id":5981,"url":"http:\/\/www.robertosedda.it\/?page_id=5981","url_meta":{"origin":5971,"position":3},"title":"I personaggi di &#8220;Il tesoro nascosto&#8221;","author":"Rufus","date":"27\/01\/2014","format":false,"excerpt":"L'elenco comprende solo i personaggi per i quali ho creato una pagina specifica, ed \u00e8 destinato a allungarsi (anche perch\u00e9 solo due, insomma, \u00e8 un po' poco...) R Rudz\u012btis, Ludomirs S Sullivan, Amy","rel":"","context":"Articolo simile","block_context":{"text":"Articolo simile","link":""},"img":{"alt_text":"","src":"","width":0,"height":0},"classes":[]},{"id":6,"url":"http:\/\/www.robertosedda.it\/?page_id=6","url_meta":{"origin":5971,"position":4},"title":"Chi sono&#8230;","author":"Rufus","date":"26\/07\/2012","format":false,"excerpt":"Sono nato a Cagliari il 10 maggio del 1964 e quindi ho smesso da un pochino di essere un magnifico quarantenne, come avrebbe detto Nanni Moretti. Vivo a Cagliari, sono sposato con Maria Bonaria, ho un numero rispettabile di nipoti e di figliocci a cui voglio un bene dell'anima. Lavoro\u2026","rel":"","context":"Con 8 commenti","block_context":{"text":"Con 8 commenti","link":"http:\/\/www.robertosedda.it\/?page_id=6#comments"},"img":{"alt_text":"","src":"","width":0,"height":0},"classes":[]},{"id":4097,"url":"http:\/\/www.robertosedda.it\/?page_id=4097","url_meta":{"origin":5971,"position":5},"title":"Le vecchie storie del signor Luca","author":"Rufus","date":"24\/07\/2013","format":false,"excerpt":"Cronache di una parrocchia immaginaria Tornando a casa Sabato, dopo avere partecipato al secondo Seminario per animatori e responsabili di gruppi adulti, io e il signor Luca siamo passati in Parrocchia. L\u00e0 abbiamo trovato la signora Gianna e il Parroco, che preparavano la prossima riunione del gruppo della nostra Parrocchia,\u2026","rel":"","context":"Con 1 commento","block_context":{"text":"Con 1 commento","link":"http:\/\/www.robertosedda.it\/?page_id=4097#comments"},"img":{"alt_text":"","src":"","width":0,"height":0},"classes":[]}],"_links":{"self":[{"href":"http:\/\/www.robertosedda.it\/index.php?rest_route=\/wp\/v2\/pages\/5971"}],"collection":[{"href":"http:\/\/www.robertosedda.it\/index.php?rest_route=\/wp\/v2\/pages"}],"about":[{"href":"http:\/\/www.robertosedda.it\/index.php?rest_route=\/wp\/v2\/types\/page"}],"author":[{"embeddable":true,"href":"http:\/\/www.robertosedda.it\/index.php?rest_route=\/wp\/v2\/users\/1"}],"replies":[{"embeddable":true,"href":"http:\/\/www.robertosedda.it\/index.php?rest_route=%2Fwp%2Fv2%2Fcomments&post=5971"}],"version-history":[{"count":7,"href":"http:\/\/www.robertosedda.it\/index.php?rest_route=\/wp\/v2\/pages\/5971\/revisions"}],"predecessor-version":[{"id":6082,"href":"http:\/\/www.robertosedda.it\/index.php?rest_route=\/wp\/v2\/pages\/5971\/revisions\/6082"}],"up":[{"embeddable":true,"href":"http:\/\/www.robertosedda.it\/index.php?rest_route=\/wp\/v2\/pages\/5968"}],"wp:attachment":[{"href":"http:\/\/www.robertosedda.it\/index.php?rest_route=%2Fwp%2Fv2%2Fmedia&parent=5971"}],"curies":[{"name":"wp","href":"https:\/\/api.w.org\/{rel}","templated":true}]}}