{"id":5968,"date":"2014-01-27T18:13:19","date_gmt":"2014-01-27T17:13:19","guid":{"rendered":"http:\/\/www.robertosedda.it\/?page_id=5968"},"modified":"2014-01-31T17:40:58","modified_gmt":"2014-01-31T16:40:58","slug":"la-campagna-del-tesoro-nascosto","status":"publish","type":"page","link":"http:\/\/www.robertosedda.it\/?page_id=5968","title":{"rendered":"La campagna del tesoro nascosto"},"content":{"rendered":"<p>Questa \u00e8 la pagina di smistamento per il materiale della campagna <em>Il tesoro nascosto<\/em> (per chi vuole seguire le nostre avventure di gioco vi ricordo che la campagna ha anche un <em>hashtag<\/em> che \u00e8 <em>#tesoronascosto<\/em>).<\/p>\n<p>&#8220;Pagina di smistamento&#8221; vuol dire sostanzialmente che da qui \u00e8 possibile raggiungere:<\/p>\n<ul>\n<li><strong><a title=\"I personaggi di \u201cTesoro nascosto\u201d\" href=\"http:\/\/www.robertosedda.it\/?page_id=5981\">la pagina con l&#8217;elenco dei personaggi<\/a>; <\/strong><\/li>\n<li><strong><a href=\"http:\/\/www.robertosedda.it\/?page_id=5971\">la pagina con la cronologia della storia fino a oggi<\/a>;<\/strong><\/li>\n<li><strong><a title=\"Le puntate della campagna \u201cIl tesoro nascosto\u201d\" href=\"http:\/\/www.robertosedda.it\/?page_id=5990\">la pagina con l&#8217;elenco degli articoli del <em>blog<\/em> che raccontano le varie partite<\/a>.<\/strong><\/li>\n<\/ul>\n<p>e le loro varie sottodiramazioni. Ovviamente \u00e8 <em>davvero<\/em> una cosa per appassionati, ma a qualcuno far\u00e0 piacere seguire l&#8217;andamento della trama, a qualcuno far\u00e0 piacere avere idee per le sue avventure, qualcuno ramazzer\u00e0 qualche materiale di gioco qui e l\u00e0 e qualcuno vorr\u00e0 collaborare alla narrazione, quindi ci \u00e8 sembrata una buona idea mettere in linea pi\u00f9 materiale possibile.<\/p>\n<p>Oltre all&#8217;aggiunta periodica di vari materiali di gioco anche questa pagina potr\u00e0 essere aggiornata periodicamente, se come speriamo al campagna si arricchir\u00e0 man mano. Per questo motivo tornate a visitarla spesso.<\/p>\n<p>E se non \u00e8 chiaro lo diciamo esplicitamente: opinioni, pareri e collaborazioni sono ben graditi. Potremmo perfino dividere la birra con voi, una volta o l&#8217;altra.<a href=\"https:\/\/i0.wp.com\/www.robertosedda.it\/wp-content\/uploads\/2013\/12\/Fabbricastorie.jpg\"><img data-attachment-id=\"5489\" data-permalink=\"http:\/\/www.robertosedda.it\/?attachment_id=5489\" data-orig-file=\"https:\/\/i0.wp.com\/www.robertosedda.it\/wp-content\/uploads\/2013\/12\/Fabbricastorie.jpg?fit=960%2C640\" data-orig-size=\"960,640\" data-comments-opened=\"1\" data-image-meta=\"{&quot;aperture&quot;:&quot;0&quot;,&quot;credit&quot;:&quot;&quot;,&quot;camera&quot;:&quot;&quot;,&quot;caption&quot;:&quot;&quot;,&quot;created_timestamp&quot;:&quot;0&quot;,&quot;copyright&quot;:&quot;&quot;,&quot;focal_length&quot;:&quot;0&quot;,&quot;iso&quot;:&quot;0&quot;,&quot;shutter_speed&quot;:&quot;0&quot;,&quot;title&quot;:&quot;&quot;}\" data-image-title=\"Fabbricastorie\" data-image-description=\"\" data-image-caption=\"\" data-medium-file=\"https:\/\/i0.wp.com\/www.robertosedda.it\/wp-content\/uploads\/2013\/12\/Fabbricastorie.jpg?fit=300%2C200\" data-large-file=\"https:\/\/i0.wp.com\/www.robertosedda.it\/wp-content\/uploads\/2013\/12\/Fabbricastorie.jpg?fit=510%2C340\" decoding=\"async\" loading=\"lazy\" class=\"aligncenter size-full wp-image-5489\" alt=\"Fabbricastorie\" src=\"https:\/\/i0.wp.com\/www.robertosedda.it\/wp-content\/uploads\/2013\/12\/Fabbricastorie.jpg?resize=800%2C533\" width=\"800\" height=\"533\" srcset=\"https:\/\/i0.wp.com\/www.robertosedda.it\/wp-content\/uploads\/2013\/12\/Fabbricastorie.jpg?w=960 960w, https:\/\/i0.wp.com\/www.robertosedda.it\/wp-content\/uploads\/2013\/12\/Fabbricastorie.jpg?resize=150%2C100 150w, https:\/\/i0.wp.com\/www.robertosedda.it\/wp-content\/uploads\/2013\/12\/Fabbricastorie.jpg?resize=300%2C200 300w, https:\/\/i0.wp.com\/www.robertosedda.it\/wp-content\/uploads\/2013\/12\/Fabbricastorie.jpg?resize=700%2C466 700w\" sizes=\"(max-width: 800px) 100vw, 800px\" data-recalc-dims=\"1\" \/><\/a><\/p>\n","protected":false},"excerpt":{"rendered":"<p>Questa \u00e8 la pagina di smistamento per il materiale della campagna Il tesoro nascosto (per chi vuole seguire le nostre<\/p>\n","protected":false},"author":1,"featured_media":0,"parent":0,"menu_order":0,"comment_status":"open","ping_status":"open","template":"template-full-width.php","meta":{"_mi_skip_tracking":false,"_monsterinsights_sitenote_active":false,"_monsterinsights_sitenote_note":"","_monsterinsights_sitenote_category":0,"jetpack_post_was_ever_published":false},"jetpack_sharing_enabled":true,"jetpack_shortlink":"https:\/\/wp.me\/P4jV2T-1yg","jetpack_likes_enabled":true,"jetpack-related-posts":[{"id":5981,"url":"http:\/\/www.robertosedda.it\/?page_id=5981","url_meta":{"origin":5968,"position":0},"title":"I personaggi di &#8220;Il tesoro nascosto&#8221;","author":"Rufus","date":"27\/01\/2014","format":false,"excerpt":"L'elenco comprende solo i personaggi per i quali ho creato una pagina specifica, ed \u00e8 destinato a allungarsi (anche perch\u00e9 solo due, insomma, \u00e8 un po' poco...) R Rudz\u012btis, Ludomirs S Sullivan, Amy","rel":"","context":"Articolo simile","block_context":{"text":"Articolo simile","link":""},"img":{"alt_text":"","src":"","width":0,"height":0},"classes":[]},{"id":5971,"url":"http:\/\/www.robertosedda.it\/?page_id=5971","url_meta":{"origin":5968,"position":1},"title":"La cronologia della campagna &#8220;Il tesoro nascosto&#8221;","author":"Rufus","date":"27\/01\/2014","format":false,"excerpt":"16 maggio - Ludomirs conosce Amy, una studentessa bella, ricca e affascinante, che sembra a sua volta affascinata da lui. 18 maggio - Ludomirs e Amy hanno il loro primo appuntamento. 22 maggio - Amy e Ludomirs escono per a seconda volta. Sulla porta di casa Amy si fa baciare.\u2026","rel":"","context":"Articolo simile","block_context":{"text":"Articolo simile","link":""},"img":{"alt_text":"","src":"","width":0,"height":0},"classes":[]},{"id":5990,"url":"http:\/\/www.robertosedda.it\/?page_id=5990","url_meta":{"origin":5968,"position":2},"title":"Le puntate della campagna &#8220;Il tesoro nascosto&#8221;","author":"Rufus","date":"28\/01\/2014","format":false,"excerpt":"12\/12\/2013 - 1\u00aa puntata: Stranezze In cui si presentano Elijah, Emilio ed Amy. 20\/12\/2013, 27\/12\/2013, 30\/12\/2013, 8\/1\/2014, 13\/1\/2014 - 2\u00aa puntata: Eliminazione diretta In cui Ludomirs non arriva a essere un personaggio giocante, i suoi cugini finiscono in prigione, il contratto con Amy \u00e8 sciolto e Neil decide di stare\u2026","rel":"","context":"Articolo simile","block_context":{"text":"Articolo simile","link":""},"img":{"alt_text":"","src":"","width":0,"height":0},"classes":[]},{"id":5979,"url":"http:\/\/www.robertosedda.it\/?page_id=5979","url_meta":{"origin":5968,"position":3},"title":"Ludomirs Rudz\u012btis","author":"Rufus","date":"27\/01\/2014","format":false,"excerpt":"Ludomirs \u00e8 un ragazzone trentacinquenne non molto sveglio che lavora come addetto alla sicurezza in un banco dei pegni e sogna un giorno di possedere un negozio di antiquariato tutto suo in cui poter scoprire inaspettatamente preziosi cimeli, come nei reality che guarda alla TV, America's Lost Treasures, Antiques Roadshow,\u2026","rel":"","context":"Con 1 commento","block_context":{"text":"Con 1 commento","link":"http:\/\/www.robertosedda.it\/?page_id=5979#comments"},"img":{"alt_text":"","src":"https:\/\/i0.wp.com\/www.robertosedda.it\/wp-content\/uploads\/2014\/01\/Ludomirs-Rudzitis-225x300.jpg?resize=350%2C200","width":350,"height":200},"classes":[]},{"id":6006,"url":"http:\/\/www.robertosedda.it\/?page_id=6006","url_meta":{"origin":5968,"position":4},"title":"Amy Sullivan","author":"Rufus","date":"29\/01\/2014","format":false,"excerpt":"Amy \u00e8 un fascio di nevrosi, una mentitrice patologica e una manipolatrice senza scrupoli. Ma chi volesse cercare una spiegazione di tutto questo nelle esperienze della sua infanzia o in qualche esperienza specifica correrebbe il rischio di vagare a vuoto. Qual \u00e8 il passato di Amy? Nessuno, ed \u00e8 questo\u2026","rel":"","context":"Con 1 commento","block_context":{"text":"Con 1 commento","link":"http:\/\/www.robertosedda.it\/?page_id=6006#comments"},"img":{"alt_text":"","src":"https:\/\/i0.wp.com\/www.robertosedda.it\/wp-content\/uploads\/2014\/01\/Amy-Sullivan-239x300.jpg?resize=350%2C200","width":350,"height":200},"classes":[]},{"id":1514,"url":"http:\/\/www.robertosedda.it\/?page_id=1514","url_meta":{"origin":5968,"position":5},"title":"&#8230; e i blog degli amici","author":"Rufus","date":"27\/11\/2012","format":false,"excerpt":"Questa pagina serve a tenere aggiornato l'elenco dei \"blog della settimana\". Che cosa sia \u00e8 spiegato in un vecchio articolo: Quando ho progettato il sito ho deciso che nel blogroll avrei messo solo collegamenti veri, cio\u00e8 blog che seguo realmente, diciamo che controllo almeno una volta alla settimana. Non mi\u2026","rel":"","context":"Con 2 commenti","block_context":{"text":"Con 2 commenti","link":"http:\/\/www.robertosedda.it\/?page_id=1514#comments"},"img":{"alt_text":"","src":"","width":0,"height":0},"classes":[]}],"_links":{"self":[{"href":"http:\/\/www.robertosedda.it\/index.php?rest_route=\/wp\/v2\/pages\/5968"}],"collection":[{"href":"http:\/\/www.robertosedda.it\/index.php?rest_route=\/wp\/v2\/pages"}],"about":[{"href":"http:\/\/www.robertosedda.it\/index.php?rest_route=\/wp\/v2\/types\/page"}],"author":[{"embeddable":true,"href":"http:\/\/www.robertosedda.it\/index.php?rest_route=\/wp\/v2\/users\/1"}],"replies":[{"embeddable":true,"href":"http:\/\/www.robertosedda.it\/index.php?rest_route=%2Fwp%2Fv2%2Fcomments&post=5968"}],"version-history":[{"count":8,"href":"http:\/\/www.robertosedda.it\/index.php?rest_route=\/wp\/v2\/pages\/5968\/revisions"}],"predecessor-version":[{"id":6070,"href":"http:\/\/www.robertosedda.it\/index.php?rest_route=\/wp\/v2\/pages\/5968\/revisions\/6070"}],"wp:attachment":[{"href":"http:\/\/www.robertosedda.it\/index.php?rest_route=%2Fwp%2Fv2%2Fmedia&parent=5968"}],"curies":[{"name":"wp","href":"https:\/\/api.w.org\/{rel}","templated":true}]}}