{"id":4235,"date":"2013-08-08T16:13:47","date_gmt":"2013-08-08T14:13:47","guid":{"rendered":"http:\/\/www.robertosedda.it\/?page_id=4235"},"modified":"2018-01-12T12:41:23","modified_gmt":"2018-01-12T11:41:23","slug":"il-libro-delle-ricette-di-famiglia","status":"publish","type":"page","link":"http:\/\/www.robertosedda.it\/?page_id=4235","title":{"rendered":"Il libro delle ricette di famiglia"},"content":{"rendered":"<p>A Natale del 2002 mia sorella mi fece un bellissimo regalo.<\/p>\n<p>Copi\u00f2 su un lussuoso quaderno rilegato in vera finta pelle tutte una collezione di ricette di famiglia raccolte negli anni da lei e da mia zia Enrica e che si era portata dietro quando and\u00f2 a vivere da sola laggi\u00f9, sul continente. Una collezione che le invidiavo profondamente.<\/p>\n<p>Il nucleo della raccolta sono ricette di mia nonna Iole (che era una gran cuoca) e di suo fratello Ettore, che era considerato l&#8217;eccentrico della famiglia. Questo colloca la maggior parte delle ricette saldamente nella prima met\u00e0 del XX secolo. A queste si aggiungono alcune ricette di mia mamma, dell&#8217;altra mia nonna, Maria, di mio babbo e di una serie di familiari: cugini, una signora che ha lavorato a casa nostra, colleghi, vicini e cos\u00ec via. La raccolta \u00e8 <em>veramente<\/em> una raccolta di cose di famiglia: per dire, c&#8217;\u00e8 la ricetta della pasta con la ricotta, o delle polpettine con gli avanzi di pollo, mentre <em>non <\/em>c&#8217;\u00e8 la ricetta dell&#8217;anatra all&#8217;arancia, ecco.<\/p>\n<p>Ora, il mio <em>non<\/em> \u00e8 un <em>blog<\/em> di cucina e non lo sar\u00e0 mai, anche perch\u00e9 ci sono <a href=\"http:\/\/maritoallaparmigiana.com\/\">amici che gi\u00e0 ne gestiscono<\/a> e non ho intenzione di fare invasioni di campo. Per\u00f2 il libro delle ricette \u00e8 certamente un elemento caratteristico di casa mia, e quindi lo ripropongo qui: ho aggiunto anche qualcuna delle ricette ricorrenti mie e di Maria Bonaria, ma non credo che per il resto il ricettario sar\u00e0 aggiornato frequentemente.<\/p>\n<p>Iole (mia sorella, non mia nonna) aveva, ehm, <em>impreziosito<\/em> la raccolta anche con dei commenti, alcuni dei quali magari un pochino pungenti: li ho inclusi in quanto fanno parte integrante del ricettario.<\/p>\n<h2>Indice &#8211; <em>Le ricette di famiglia o quasi<\/em><\/h2>\n<ul>\n<li>\n<h3><a href=\"http:\/\/www.robertosedda.it\/?page_id=5321\">Antipasti<\/a><\/h3>\n<\/li>\n<li>\n<h3><a href=\"http:\/\/www.robertosedda.it\/?page_id=5341\">Zuppe e minestre<\/a><\/h3>\n<\/li>\n<li>\n<h3><a title=\"Paste asciutte\" href=\"http:\/\/www.robertosedda.it\/?page_id=5674\">Paste asciutte<\/a><\/h3>\n<\/li>\n<li>\n<h3>Carni rosse<\/h3>\n<\/li>\n<li>\n<h3>Pesce<\/h3>\n<\/li>\n<li>\n<h3>Carni bianche<\/h3>\n<\/li>\n<li>\n<h3>Salse<\/h3>\n<\/li>\n<li>\n<h3>Verdure<\/h3>\n<\/li>\n<li>\n<h3>Dolci<\/h3>\n<\/li>\n<li>\n<h3>Conserve<\/h3>\n<\/li>\n<\/ul>\n<h5>Iole dice:<\/h5>\n<blockquote><p>Natale 2002<\/p>\n<p>Questo quaderno racchiude le ricette (non tutte) della nostra infanzia, pi\u00f9 molte altre che ho scovato dopo attenta ricerca negli archivi di famiglia.<\/p>\n<p>Molte di esse sono impregnate di ricordi, in maniera particolare &#8211; \u00e8 quasi scontato dirlo &#8211; quelle di nonna Iole.<\/p>\n<p>Ma i ricordi della mia infanzia e anche della tua, legati alla cucina, sono molti di pi\u00f9 e non sempre sono ricette degne di nota, ma certamente sono rimaste impresse nella nostra memoria. Penso ad esempio a quelle spendide gelatine di frutta coloratissime che mamma ci preparava a merenda e che ci furono negate da quella orrenda legge sui coloranti. O alle patate fritte fredde che trovavamo la sera a casa di nonna avanzate dal pranzo; erano davvero squisite. E che dire della pizza Catar\u00ec sempre di nonna? Met\u00e0 con il sugo per Enrica e met\u00e0 bianca con le acciughe per lei che odiava il pomodoro. Arrivavamo la sera a casa loro troppo presto per la cena e troppo affamati per aspettare; cos\u00ec ci fiondavamo in cucina dove nonna stava mettendo a dura prova i nervi della povera Brigida di turno e rubavamo quello che c&#8217;era. Anche la pizza fredda.<\/p>\n<p>A casa di nonna chiss\u00e0 perch\u00e9 quasi tutto aveva un sapore diverso: persino la minestrina &#8211; rigorosamente di dado &#8211; che ci veniva inflitta praticamente ogni sera risultava tollerabile.<\/p>\n<p>Potrei continuare ma mi fermer\u00f2 qui: lascio a te, attraverso la lettura del quaderno, la gioia di continuare a fugare nella memoria.<\/p>\n<p>In ultimo, come nelle migliori pubblicazioni, \u00e8 doveroso da parte mia un ringraziamento particolare alle dottoresse Graziella e Enrica Delitala, rispettivamente mamma e zia, ma entrambe preziose collaboratrici, che hanno effettuato un approfondito lavoro di ricerca, fornito la documentazione e hanno arricchito i miei ricordi.<\/p>\n<p>Con affetto<\/p>\n<p>Iole<\/p><\/blockquote>\n","protected":false},"excerpt":{"rendered":"<p>A Natale del 2002 mia sorella mi fece un bellissimo regalo. Copi\u00f2 su un lussuoso quaderno rilegato in vera finta<\/p>\n","protected":false},"author":1,"featured_media":0,"parent":6,"menu_order":0,"comment_status":"open","ping_status":"open","template":"","meta":{"_mi_skip_tracking":false,"_monsterinsights_sitenote_active":false,"_monsterinsights_sitenote_note":"","_monsterinsights_sitenote_category":0,"jetpack_post_was_ever_published":false},"jetpack_sharing_enabled":true,"jetpack_shortlink":"https:\/\/wp.me\/P4jV2T-16j","jetpack_likes_enabled":true,"jetpack-related-posts":[{"id":6546,"url":"http:\/\/www.robertosedda.it\/?page_id=6546","url_meta":{"origin":4235,"position":0},"title":"Zuppa sant\u00e8","author":"Rufus","date":"22\/02\/2014","format":false,"excerpt":"Ingredienti Bietole - patate - carote - zucchine - sedano - altri tipi di verdura a scelta - burro Preparazione Tagliare tutte le verdure a dadini e farle stufare nel burro in un tegame coperto. Aggiungere un buon brodo e terminare la cottura. di nonna Iole","rel":"","context":"Articolo simile","block_context":{"text":"Articolo simile","link":""},"img":{"alt_text":"","src":"","width":0,"height":0},"classes":[]},{"id":6532,"url":"http:\/\/www.robertosedda.it\/?page_id=6532","url_meta":{"origin":4235,"position":1},"title":"Pizzette fritte","author":"Rufus","date":"22\/02\/2014","format":false,"excerpt":"Ingredienti Pasta per pizza - olio - salsa di pomodoro - sale - pepe - origano - parmigiano grattugiato Preparazione Stendere la pasta e allargarla con le mani. Tagliare a pezzetti e gettarli nell'olio caldo per friggerli. Scolare e asciugare e condirle con la salsa, gli odori e il formaggio\u2026","rel":"","context":"Articolo simile","block_context":{"text":"Articolo simile","link":""},"img":{"alt_text":"","src":"","width":0,"height":0},"classes":[]},{"id":6534,"url":"http:\/\/www.robertosedda.it\/?page_id=6534","url_meta":{"origin":4235,"position":2},"title":"Uova in verde alla parigina","author":"Rufus","date":"22\/02\/2014","format":false,"excerpt":"Ingredienti 4 uova sode - aglio - prezzemolo - sale - pepe - olio Preparazione Dividere le uova in due e disporle in una pirofila. Mettere su ogni met\u00e0 aglio e prezzemolo tritati, pepe, sale e un filo d'olio. Aggiungere qualche cucchiaiata d'acqua e scaldarle in forno per qualche minuto.\u2026","rel":"","context":"Articolo simile","block_context":{"text":"Articolo simile","link":""},"img":{"alt_text":"","src":"","width":0,"height":0},"classes":[]},{"id":6537,"url":"http:\/\/www.robertosedda.it\/?page_id=6537","url_meta":{"origin":4235,"position":3},"title":"Crocchette di riso","author":"Rufus","date":"22\/02\/2014","format":false,"excerpt":"Ingredienti Risotto alla milanese avanzato - mozzarella - 1 uovo - pangrattato - farina - olio Preparazione Con il risotto alla milanese avanzato si possono fare delle ottime crocchette: fare delle palline bagnandole nel mezzo e inserendo in ognuna un pezzetto di mozzarella. Poi passarle nell'uovo sbattuto e nel pangrattato\u2026","rel":"","context":"Articolo simile","block_context":{"text":"Articolo simile","link":""},"img":{"alt_text":"","src":"","width":0,"height":0},"classes":[]},{"id":5328,"url":"http:\/\/www.robertosedda.it\/?page_id=5328","url_meta":{"origin":4235,"position":4},"title":"Crostini con i fegatini","author":"Rufus","date":"05\/12\/2013","format":false,"excerpt":"Ingredienti Fette di pane raffermo - Fegatini di pollo - Latte - 1 uovo - Burro - Pur\u00e8 di patate o besciamella - Olio Preparazione Soffriggere i fegatini nel burro e una volta cotti toglierli dal fuoco e tenerli in caldo. Friggere le fette di pane dopo averle passate prima\u2026","rel":"","context":"Articolo simile","block_context":{"text":"Articolo simile","link":""},"img":{"alt_text":"","src":"","width":0,"height":0},"classes":[]},{"id":5689,"url":"http:\/\/www.robertosedda.it\/?page_id=5689","url_meta":{"origin":4235,"position":5},"title":"Brodo di verdure","author":"Rufus","date":"01\/01\/2014","format":false,"excerpt":"Ingredienti 1 carota - 1 cipolla - 1 zucchina - 2 patate - 1 costa di sedano - 1 pugno di piselli - olio - parmigiano Preparazione Pulire e sbucciare le verdure, metterle in 2 litri d'acqua salata e far bollire per due ore coperto. Passare tutto al setaccio e\u2026","rel":"","context":"Articolo simile","block_context":{"text":"Articolo simile","link":""},"img":{"alt_text":"","src":"","width":0,"height":0},"classes":[]}],"_links":{"self":[{"href":"http:\/\/www.robertosedda.it\/index.php?rest_route=\/wp\/v2\/pages\/4235"}],"collection":[{"href":"http:\/\/www.robertosedda.it\/index.php?rest_route=\/wp\/v2\/pages"}],"about":[{"href":"http:\/\/www.robertosedda.it\/index.php?rest_route=\/wp\/v2\/types\/page"}],"author":[{"embeddable":true,"href":"http:\/\/www.robertosedda.it\/index.php?rest_route=\/wp\/v2\/users\/1"}],"replies":[{"embeddable":true,"href":"http:\/\/www.robertosedda.it\/index.php?rest_route=%2Fwp%2Fv2%2Fcomments&post=4235"}],"version-history":[{"count":11,"href":"http:\/\/www.robertosedda.it\/index.php?rest_route=\/wp\/v2\/pages\/4235\/revisions"}],"predecessor-version":[{"id":14546,"href":"http:\/\/www.robertosedda.it\/index.php?rest_route=\/wp\/v2\/pages\/4235\/revisions\/14546"}],"up":[{"embeddable":true,"href":"http:\/\/www.robertosedda.it\/index.php?rest_route=\/wp\/v2\/pages\/6"}],"wp:attachment":[{"href":"http:\/\/www.robertosedda.it\/index.php?rest_route=%2Fwp%2Fv2%2Fmedia&parent=4235"}],"curies":[{"name":"wp","href":"https:\/\/api.w.org\/{rel}","templated":true}]}}