{"id":1514,"date":"2012-11-27T09:40:32","date_gmt":"2012-11-27T08:40:32","guid":{"rendered":"http:\/\/www.robertosedda.it\/?page_id=1514"},"modified":"2015-08-20T13:32:27","modified_gmt":"2015-08-20T11:32:27","slug":"i-blog-degli-amici","status":"publish","type":"page","link":"http:\/\/www.robertosedda.it\/?page_id=1514","title":{"rendered":"&#8230; e i blog degli amici"},"content":{"rendered":"<p>Questa pagina serve a tenere aggiornato l&#8217;elenco dei &#8220;<em>blog<\/em> della settimana&#8221;. Che cosa sia \u00e8 spiegato in un <a href=\"http:\/\/www.robertosedda.it\/?p=1010\">vecchio articolo<\/a>:<\/p>\n<blockquote><p>Quando ho progettato il sito ho deciso che nel <em>blogroll<\/em> avrei messo solo collegamenti veri, cio\u00e8 <em>blog<\/em> che seguo realmente, diciamo che controllo almeno una volta alla settimana. Non mi piacciono particolarmente <em>blogroll<\/em> chilometrici e del tutto fittizi, in cui (<em>lo dico? lo dico!<\/em>) rimane Lara Manni mesi dopo che ha smesso di esistere (<em>ecco, l\u2019ho detto<\/em>).<\/p>\n<p>Ho anche deciso che avrei messo solo <em>blog<\/em> di persone che non conosco, che ammetto \u00e8 una decisione un po\u2019 pi\u00f9 strana; in realt\u00e0 volevo tirarmi fuori dalla eventualit\u00e0 che qualcuno \u2013 ammesso che a qualcuno importi \u2013 notasse la sua assenza; invece cos\u00ec non metto nessuno e ciccia (<em>ehm<\/em><em>, questo <\/em>post<em> mi render\u00e0 certo molto simpatico a tantissima gente, temo<\/em>).<\/p>\n<p>Per\u00f2 adesso mi \u00e8 venuta voglia, comunque, di segnalare i <em>blog <\/em>degli amici; la soluzione che ho trovato \u00e8 quella di mettere sul fondo della pagina un <em>feed<\/em> RSS che cambier\u00e0 periodicamente e in cui di volta in volta comparir\u00e0 a turno il <em>blog<\/em> di una persona che conosco bene: non sono <em>consigli<\/em> veri e propri, e qualche volta saranno anche <em>blog<\/em> che non amo particolarmente: ma sono i miei amici, la mia gente, e sono solidale con loro. E poi il <em>blog<\/em> \u00e8\u00a0 mio e ci faccio quel che mi pare, compreso violare le mie stesse regole. Tie\u2019.<\/p><\/blockquote>\n<p>Per brevit\u00e0\u00a0i vari <em>blog<\/em> non sono elencati in altro modo che secondo l&#8217;ordine alfabetico, e perci\u00f2 sappiate che quel che dei miei amici ho segnalato \u00e8:<\/p>\n<ul>\n<li><a href=\"http:\/\/www.huffingtonpost.it\/andrea-baranes\/\"><strong>Andrea\u00a0Baranes<\/strong> e l&#8217;altra economia<\/a><\/li>\n<li><a href=\"http:\/\/spifferi.wordpress.com\/\"><strong>Simone Bellisai<\/strong> e le sue spigolature dalla rete<\/a><\/li>\n<li><a href=\"http:\/\/www.zoes.it\/user\/208\"><strong>Ugo Biggeri<\/strong> e <em>Banca Etica<\/em><\/a><\/li>\n<li><a href=\"http:\/\/articiviche.blogspot.it\/\">l\u2019arte civica di <strong>Francesco Careri<\/strong><\/a><\/li>\n<li><a href=\"http:\/\/graziellacariablog.wordpress.com\">l&#8217;architettura sostenibile di <strong>Graziella Caria<\/strong><\/a><\/li>\n<li><a href=\"http:\/\/maritoallaparmigiana.wordpress.com\/\"><strong>Mauro Cogoni<\/strong> e le sue ricette<\/a>&#8230;\n<ul>\n<li>ah no, adesso Mauro ha un&#8217;altra crociata, piuttosto diversa, da raccontare: <a href=\"http:\/\/idontwannabefat.wordpress.com\/\">la lotta contro il grasso<\/a><\/li>\n<\/ul>\n<\/li>\n<li><a href=\"http:\/\/camminodilombardia.wordpress.com\/\"><strong>Giovanni Colombo<\/strong> e le sue camminate lombarde<\/a><\/li>\n<li><a href=\"http:\/\/giannicomoretto.blogspot.it\/\">la fede nella scienza di <strong>Gianni Comoretto<\/strong><\/a><\/li>\n<li><a href=\"http:\/\/satur-nous.blogspot.it\/\">la cronaca della crisi di <strong>Enrico Euli<\/strong><\/a><\/li>\n<li><a href=\"http:\/\/scuoladarmi.com\/\">le arti marziali di <strong>Massimo Fenu<\/strong><\/a><\/li>\n<li><a href=\"http:\/\/abolrish.blogspot.it\/\">le acute divagazioni persiane (di politica ed economia) di <strong>Aramesh Fereidouni<\/strong><\/a><\/li>\n<li><a href=\"http:\/\/viaggiatorisociali.net\/\">i viaggiatori sociali di <strong><em>Le Mat<\/em><\/strong><\/a><\/li>\n<li>l&#8217;impegno politico di <a href=\"http:\/\/matteoleciscoccoortu.wordpress.com\/\"><strong>Matteo Lecis Cocco-Ortu<\/strong>&#8230;<\/a><\/li>\n<li>&#8230; e di <strong><a href=\"http:\/\/www.enricolobina.org\/wp\/\">Enrico Lobina<\/a><\/strong><\/li>\n<li><a href=\"http:\/\/www.paolomaccioni.it\/\">i libri e l&#8217;enciclopedica conoscenza della musica sudamericana di <strong>Paolo Maccioni<\/strong><\/a><\/li>\n<li><a href=\"http:\/\/madrigopolis.blogspot.com\">le idee sempre garbate di <strong>Francesca Madrigali<\/strong><\/a><\/li>\n<li><a href=\"http:\/\/linguaggio-macchina.blogspot.it\/\">le notizie scientifiche di <strong>Andrea Mameli<\/strong><\/a><\/li>\n<li><a href=\"http:\/\/markx7.blogspot.it\/\">il cinema secondo <strong>Francesco Masala<\/strong><\/a><\/li>\n<li><a href=\"http:\/\/www.zoes.it\/paolomascellani\"><em>software libero<\/em> e candidatura al CdA di Banca Etica di <strong>Paolo Mascellani<\/strong><\/a>, mio quasi <em>alter ego<\/em> in Banca Etica<\/li>\n<li>la <a href=\"http:\/\/www.antoniomessina.it\/\">scrittura e molte altre cose di\u00a0<strong>Antonio Messina<\/strong><\/a><\/li>\n<li><a href=\"https:\/\/vittoriopelligra.wordpress.com\/\">l&#8217;economia della fiducia di <strong>Vittorio Pelligra<\/strong><\/a><\/li>\n<li><a href=\"http:\/\/madamaspina.wordpress.com\/\">la determinata tenerezza e i mille interessi di <strong>Roberta Plaisant<\/strong><\/a><\/li>\n<li><a href=\"http:\/\/www.andreascarpetta.com\/\">il <em>web marketing<\/em> molto zen di <strong>Andrea Scapetta<\/strong><\/a><\/li>\n<li>i <a href=\"http:\/\/www.sonda.it\/Blog\/1\/\">libri utili di\u00a0<strong>Beniamino Sidoti<\/strong><\/a><\/li>\n<li>l&#8217;eroico <a href=\"http:\/\/vincenzosoddu.com\/\">sforzo di promozione della lettura di <strong>Vincenzo Soddu<\/strong><\/a><\/li>\n<li><a href=\"http:\/\/crillablog.wordpress.com\"><strong>Cristina Ventura<\/strong> e\u00a0cose, case e architetture<\/a>&#8230;<\/li>\n<\/ul>\n<p>&#8230; e altri man mano seguiranno.<\/p>\n<p>EDIT: Da giugno 2015\u00a0ai\u00a0<em>blog<\/em> o siti qui indicati &#8211; alcuni dei quali nel frattempo andati fuori attivit\u00e0 &#8211; ne alterno altri, scelti\u00a0fra quelli \u00a0che compongono il\u00a0mio ventaglio di letture preferite.<\/p>\n","protected":false},"excerpt":{"rendered":"<p>Questa pagina serve a tenere aggiornato l&#8217;elenco dei &#8220;blog della settimana&#8221;. Che cosa sia \u00e8 spiegato in un vecchio articolo:<\/p>\n","protected":false},"author":1,"featured_media":0,"parent":6,"menu_order":0,"comment_status":"open","ping_status":"open","template":"","meta":{"_mi_skip_tracking":false,"_monsterinsights_sitenote_active":false,"_monsterinsights_sitenote_note":"","_monsterinsights_sitenote_category":0,"jetpack_post_was_ever_published":false},"jetpack_sharing_enabled":true,"jetpack_shortlink":"https:\/\/wp.me\/P4jV2T-oq","jetpack_likes_enabled":true,"jetpack-related-posts":[{"id":18632,"url":"http:\/\/www.robertosedda.it\/?page_id=18632","url_meta":{"origin":1514,"position":0},"title":"Le mie playlist","author":"Rufus","date":"08\/05\/2021","format":false,"excerpt":"Come ho raccontato una volta qui sul blog mi sono iscritto a Spotify abbastanza per caso, per raccogliere tutti insieme i cento grandi brani jazz che avevo chiesto mi fossero suggeriti. Poi dal lockdown in poi e con il lavoro da casa la piattaforma \u00e8 diventata piuttosto pi\u00f9 importante e\u2026","rel":"","context":"Articolo simile","block_context":{"text":"Articolo simile","link":""},"img":{"alt_text":"","src":"https:\/\/i0.wp.com\/www.robertosedda.it\/wp-content\/uploads\/2021\/05\/Cantautori.png?resize=350%2C200","width":350,"height":200,"srcset":"https:\/\/i0.wp.com\/www.robertosedda.it\/wp-content\/uploads\/2021\/05\/Cantautori.png?resize=350%2C200 1x, https:\/\/i0.wp.com\/www.robertosedda.it\/wp-content\/uploads\/2021\/05\/Cantautori.png?resize=700%2C400 2x, https:\/\/i0.wp.com\/www.robertosedda.it\/wp-content\/uploads\/2021\/05\/Cantautori.png?resize=1050%2C600 3x"},"classes":[]},{"id":5968,"url":"http:\/\/www.robertosedda.it\/?page_id=5968","url_meta":{"origin":1514,"position":1},"title":"La campagna del tesoro nascosto","author":"Rufus","date":"27\/01\/2014","format":false,"excerpt":"Questa \u00e8 la pagina di smistamento per il materiale della campagna Il tesoro nascosto (per chi vuole seguire le nostre avventure di gioco vi ricordo che la campagna ha anche un hashtag che \u00e8 #tesoronascosto). \"Pagina di smistamento\" vuol dire sostanzialmente che da qui \u00e8 possibile raggiungere: la pagina con\u2026","rel":"","context":"Con 1 commento","block_context":{"text":"Con 1 commento","link":"http:\/\/www.robertosedda.it\/?page_id=5968#comments"},"img":{"alt_text":"Fabbricastorie","src":"https:\/\/i0.wp.com\/www.robertosedda.it\/wp-content\/uploads\/2013\/12\/Fabbricastorie.jpg?resize=350%2C200","width":350,"height":200,"srcset":"https:\/\/i0.wp.com\/www.robertosedda.it\/wp-content\/uploads\/2013\/12\/Fabbricastorie.jpg?resize=350%2C200 1x, https:\/\/i0.wp.com\/www.robertosedda.it\/wp-content\/uploads\/2013\/12\/Fabbricastorie.jpg?resize=700%2C400 2x"},"classes":[]},{"id":10420,"url":"http:\/\/www.robertosedda.it\/?page_id=10420","url_meta":{"origin":1514,"position":2},"title":"Le notizie quotidiane consigliate","author":"Rufus","date":"20\/08\/2015","format":false,"excerpt":"Tengo sul palmare (uno strano tablet a 5\")\u00a0che quotidianamente accompagna la mia vita un paio di aggregatori di notizie, che mi offrono ogni giorno un ventaglio di letture, informazioni e stimoli vari. Come ho detto in un articolo di agosto\u00a02015 (a cui vi rimando per spiegazioni pi\u00f9 estese) li riporto\u2026","rel":"","context":"Con 17 commenti","block_context":{"text":"Con 17 commenti","link":"http:\/\/www.robertosedda.it\/?page_id=10420#comments"},"img":{"alt_text":"","src":"","width":0,"height":0},"classes":[]},{"id":6,"url":"http:\/\/www.robertosedda.it\/?page_id=6","url_meta":{"origin":1514,"position":3},"title":"Chi sono&#8230;","author":"Rufus","date":"26\/07\/2012","format":false,"excerpt":"Sono nato a Cagliari il 10 maggio del 1964 e quindi ho smesso da un pochino di essere un magnifico quarantenne, come avrebbe detto Nanni Moretti. Vivo a Cagliari, sono sposato con Maria Bonaria, ho un numero rispettabile di nipoti e di figliocci a cui voglio un bene dell'anima. Lavoro\u2026","rel":"","context":"Con 8 commenti","block_context":{"text":"Con 8 commenti","link":"http:\/\/www.robertosedda.it\/?page_id=6#comments"},"img":{"alt_text":"","src":"","width":0,"height":0},"classes":[]},{"id":4097,"url":"http:\/\/www.robertosedda.it\/?page_id=4097","url_meta":{"origin":1514,"position":4},"title":"Le vecchie storie del signor Luca","author":"Rufus","date":"24\/07\/2013","format":false,"excerpt":"Cronache di una parrocchia immaginaria Tornando a casa Sabato, dopo avere partecipato al secondo Seminario per animatori e responsabili di gruppi adulti, io e il signor Luca siamo passati in Parrocchia. L\u00e0 abbiamo trovato la signora Gianna e il Parroco, che preparavano la prossima riunione del gruppo della nostra Parrocchia,\u2026","rel":"","context":"Con 1 commento","block_context":{"text":"Con 1 commento","link":"http:\/\/www.robertosedda.it\/?page_id=4097#comments"},"img":{"alt_text":"","src":"","width":0,"height":0},"classes":[]},{"id":9932,"url":"http:\/\/www.robertosedda.it\/?page_id=9932","url_meta":{"origin":1514,"position":5},"title":"Posti dove andare a mangiare e bere a Cagliari e altrove","author":"Rufus","date":"25\/04\/2015","format":false,"excerpt":"Sono fermamente intenzionato a non permettere che questo blog diventi un ricettacolo di recensioni di ristoranti e ricette e descrizioni di eventi culinari, ma d\u2019altra parte mi fa piacere segnalare i posti dove secondo me si pu\u00f2 star bene a Cagliari (l\u2019articolo sulle cose da fare assolutamente a Cagliari \u00e8\u2026","rel":"","context":"Con 3 commenti","block_context":{"text":"Con 3 commenti","link":"http:\/\/www.robertosedda.it\/?page_id=9932#comments"},"img":{"alt_text":"","src":"","width":0,"height":0},"classes":[]}],"_links":{"self":[{"href":"http:\/\/www.robertosedda.it\/index.php?rest_route=\/wp\/v2\/pages\/1514"}],"collection":[{"href":"http:\/\/www.robertosedda.it\/index.php?rest_route=\/wp\/v2\/pages"}],"about":[{"href":"http:\/\/www.robertosedda.it\/index.php?rest_route=\/wp\/v2\/types\/page"}],"author":[{"embeddable":true,"href":"http:\/\/www.robertosedda.it\/index.php?rest_route=\/wp\/v2\/users\/1"}],"replies":[{"embeddable":true,"href":"http:\/\/www.robertosedda.it\/index.php?rest_route=%2Fwp%2Fv2%2Fcomments&post=1514"}],"version-history":[{"count":35,"href":"http:\/\/www.robertosedda.it\/index.php?rest_route=\/wp\/v2\/pages\/1514\/revisions"}],"predecessor-version":[{"id":10678,"href":"http:\/\/www.robertosedda.it\/index.php?rest_route=\/wp\/v2\/pages\/1514\/revisions\/10678"}],"up":[{"embeddable":true,"href":"http:\/\/www.robertosedda.it\/index.php?rest_route=\/wp\/v2\/pages\/6"}],"wp:attachment":[{"href":"http:\/\/www.robertosedda.it\/index.php?rest_route=%2Fwp%2Fv2%2Fmedia&parent=1514"}],"curies":[{"name":"wp","href":"https:\/\/api.w.org\/{rel}","templated":true}]}}