{"id":14523,"date":"2018-01-12T12:21:40","date_gmt":"2018-01-12T11:21:40","guid":{"rendered":"http:\/\/www.robertosedda.it\/?page_id=14523"},"modified":"2018-01-12T12:26:51","modified_gmt":"2018-01-12T11:26:51","slug":"crostini-col-cavolo-nero","status":"publish","type":"page","link":"http:\/\/www.robertosedda.it\/?page_id=14523","title":{"rendered":"Crostini col cavolo nero"},"content":{"rendered":"<h3>Ingredienti<\/h3>\n<p>Un mazzo di cavolo nero &#8211; <em>casizzolu<\/em> o altro formaggio tipo caciotta o che comunque sia adatto per sciogliersi &#8211; <a href=\"https:\/\/it.wikipedia.org\/wiki\/Abbamele\"><em>abbamele<\/em><\/a> o\u00a0sapa di vino o aceto balsamico &#8211; 8 fette di pane tipo casereccio<\/p>\n<h3>Preparazione<\/h3>\n<p>Sbollentare il cavolo in acqua salata, liberarlo delle coste dure e poi saltarlo in padella con poco olio, poi tritarlo lievemente. Tagliare il formaggio a fettine delle stesse dimensioni del pane raffermo e non troppo spesse.<\/p>\n<p>Scaldare il forno a 150\u00b0; disporre su ogni fetta di pane una fettina di formaggio e mettere sotto il grill.<\/p>\n<p>Quando il formaggio \u00e8 fuso far cadere su ogni fetta qualche goccia di <em>abbamele<\/em> e sopra disporre il cavolo.<\/p>\n<h5>Varianti<\/h5>\n<p>Se si usa la sapa tenere presente che il gusto finale sar\u00e0 abbastanza pi\u00f9 dolce, con l&#8217;aceto balsamico pi\u00f9 acido. L&#8217;<em>abbamele\u00a0<\/em>\u00e8 la soluzione migliore per il nostro gusto, ma si pu\u00f2 provare a sperimentare (poco miele di castagno potrebbe essere un&#8217;altra possibilit\u00e0).<\/p>\n<p><em>del panificio <\/em>Porta<em> di Cagliari<\/em><\/p>\n","protected":false},"excerpt":{"rendered":"<p>Ingredienti Un mazzo di cavolo nero &#8211; casizzolu o altro formaggio tipo caciotta o che comunque sia adatto per sciogliersi<\/p>\n","protected":false},"author":1,"featured_media":0,"parent":5321,"menu_order":0,"comment_status":"closed","ping_status":"closed","template":"","meta":{"_mi_skip_tracking":false,"_monsterinsights_sitenote_active":false,"_monsterinsights_sitenote_note":"","_monsterinsights_sitenote_category":0,"jetpack_post_was_ever_published":false},"jetpack_sharing_enabled":true,"jetpack_shortlink":"https:\/\/wp.me\/P4jV2T-3Mf","jetpack_likes_enabled":true,"jetpack-related-posts":[{"id":8345,"url":"http:\/\/www.robertosedda.it\/?page_id=8345","url_meta":{"origin":14523,"position":0},"title":"Zuppa di cipolle gratinata","author":"Rufus","date":"07\/09\/2014","format":false,"excerpt":"Ingredienti 3 o 4 grosse cipolle - 1 cucchiaio scarso di farina - 40 g di burro - \u00bd bicchierino di cognac - sale - pepe - noce moscata - brodo - fette di pane raffermo - parmigiano grattugiato - formaggio tipo fontina o gruviera Preparazione Fare appassire le cipolle\u2026","rel":"","context":"Articolo simile","block_context":{"text":"Articolo simile","link":""},"img":{"alt_text":"","src":"","width":0,"height":0},"classes":[]},{"id":5352,"url":"http:\/\/www.robertosedda.it\/?page_id=5352","url_meta":{"origin":14523,"position":1},"title":"Zuppa di finocchi selvatici","author":"Rufus","date":"08\/12\/2013","format":false,"excerpt":"Ingredienti 4 mazzetti di finocchi selvatici - 10 fette di pane raffermo - \u00bd bicchiere d'olio - 2 spicchi d'aglio - prezzemolo - 250 gr. di pecorino non stagionato - 1 l. di buon brodo di carne (meglio se di pecora) Preparazione Pulire i finocchietti e tagliarli a pezzetti, scartando\u2026","rel":"","context":"Articolo simile","block_context":{"text":"Articolo simile","link":""},"img":{"alt_text":"","src":"","width":0,"height":0},"classes":[]},{"id":8337,"url":"http:\/\/www.robertosedda.it\/?page_id=8337","url_meta":{"origin":14523,"position":2},"title":"Zuppa di pane e verdure","author":"Rufus","date":"07\/09\/2014","format":false,"excerpt":"Ingredienti 600 g di bietole - cipolla - pane raffermo a fette - pecorino fresco semistagionato - 1 uovo - finocchietto selvatico - brodo - parmigiano Preparazione Lessare le bietole, scolarle e strizzarle. Tritarle grossolanamente e saltarle in padella in soffritto di cipolla. Imburrare una pirofila e poi cospargerla con\u2026","rel":"","context":"Articolo simile","block_context":{"text":"Articolo simile","link":""},"img":{"alt_text":"","src":"","width":0,"height":0},"classes":[]},{"id":5321,"url":"http:\/\/www.robertosedda.it\/?page_id=5321","url_meta":{"origin":14523,"position":3},"title":"Antipasti","author":"Rufus","date":"05\/12\/2013","format":false,"excerpt":"Crostini con i fegatini Vol-au-vent con carne e piselli Salsa per crostini toscani Rosette al prosciutto Pizzette fritte Uova in verde alla parigina Crocchette di riso Crostini col cavolo nero","rel":"","context":"Articolo simile","block_context":{"text":"Articolo simile","link":""},"img":{"alt_text":"","src":"","width":0,"height":0},"classes":[]},{"id":6542,"url":"http:\/\/www.robertosedda.it\/?page_id=6542","url_meta":{"origin":14523,"position":4},"title":"Passato di verdure","author":"Rufus","date":"22\/02\/2014","format":false,"excerpt":"Ingredienti \u00bd kg. di patate - 2 carote - 200 gr. di zucca (a piacere) - 200 gr. di piselli - 200 gr. di fagioli - 1 cipolla - qualche foglia di cavolo - 1 porro - bietola - sedano - zucchine - fagiolini - olio Preparazione Cuocere tutte le\u2026","rel":"","context":"Articolo simile","block_context":{"text":"Articolo simile","link":""},"img":{"alt_text":"","src":"","width":0,"height":0},"classes":[]},{"id":5328,"url":"http:\/\/www.robertosedda.it\/?page_id=5328","url_meta":{"origin":14523,"position":5},"title":"Crostini con i fegatini","author":"Rufus","date":"05\/12\/2013","format":false,"excerpt":"Ingredienti Fette di pane raffermo - Fegatini di pollo - Latte - 1 uovo - Burro - Pur\u00e8 di patate o besciamella - Olio Preparazione Soffriggere i fegatini nel burro e una volta cotti toglierli dal fuoco e tenerli in caldo. Friggere le fette di pane dopo averle passate prima\u2026","rel":"","context":"Articolo simile","block_context":{"text":"Articolo simile","link":""},"img":{"alt_text":"","src":"","width":0,"height":0},"classes":[]}],"_links":{"self":[{"href":"http:\/\/www.robertosedda.it\/index.php?rest_route=\/wp\/v2\/pages\/14523"}],"collection":[{"href":"http:\/\/www.robertosedda.it\/index.php?rest_route=\/wp\/v2\/pages"}],"about":[{"href":"http:\/\/www.robertosedda.it\/index.php?rest_route=\/wp\/v2\/types\/page"}],"author":[{"embeddable":true,"href":"http:\/\/www.robertosedda.it\/index.php?rest_route=\/wp\/v2\/users\/1"}],"replies":[{"embeddable":true,"href":"http:\/\/www.robertosedda.it\/index.php?rest_route=%2Fwp%2Fv2%2Fcomments&post=14523"}],"version-history":[{"count":3,"href":"http:\/\/www.robertosedda.it\/index.php?rest_route=\/wp\/v2\/pages\/14523\/revisions"}],"predecessor-version":[{"id":14529,"href":"http:\/\/www.robertosedda.it\/index.php?rest_route=\/wp\/v2\/pages\/14523\/revisions\/14529"}],"up":[{"embeddable":true,"href":"http:\/\/www.robertosedda.it\/index.php?rest_route=\/wp\/v2\/pages\/5321"}],"wp:attachment":[{"href":"http:\/\/www.robertosedda.it\/index.php?rest_route=%2Fwp%2Fv2%2Fmedia&parent=14523"}],"curies":[{"name":"wp","href":"https:\/\/api.w.org\/{rel}","templated":true}]}}